{"id":236,"date":"2025-03-05T09:10:45","date_gmt":"2025-03-05T08:10:45","guid":{"rendered":"https:\/\/tsuki-sophrologie.fr\/?page_id=236"},"modified":"2026-02-27T11:58:20","modified_gmt":"2026-02-27T10:58:20","slug":"massage","status":"publish","type":"page","link":"https:\/\/tsuki-sophrologie.fr\/index.php\/massage\/","title":{"rendered":"Massage"},"content":{"rendered":"\n<figure class=\"wp-block-image aligncenter size-large is-resized has-custom-border\" style=\"margin-top:0;margin-bottom:0\"><img loading=\"lazy\" decoding=\"async\" width=\"1024\" height=\"534\" src=\"https:\/\/tsuki-sophrologie.fr\/wp-content\/uploads\/2025\/03\/banniere_massage-1024x534.png\" alt=\"\" class=\"wp-image-237\" style=\"border-style:none;border-width:0px;width:480px;height:auto\" srcset=\"https:\/\/tsuki-sophrologie.fr\/wp-content\/uploads\/2025\/03\/banniere_massage-1024x534.png 1024w, https:\/\/tsuki-sophrologie.fr\/wp-content\/uploads\/2025\/03\/banniere_massage-300x157.png 300w, https:\/\/tsuki-sophrologie.fr\/wp-content\/uploads\/2025\/03\/banniere_massage-768x401.png 768w, https:\/\/tsuki-sophrologie.fr\/wp-content\/uploads\/2025\/03\/banniere_massage-1536x802.png 1536w, https:\/\/tsuki-sophrologie.fr\/wp-content\/uploads\/2025\/03\/banniere_massage.png 1640w\" sizes=\"auto, (max-width: 1024px) 100vw, 1024px\" \/><\/figure>\n\n\n\n<figure class=\"wp-block-pullquote\"><blockquote><p>Le massage bien-\u00eatre est une forme de massage non th\u00e9rapeutique dont l&rsquo;objectif est de vous offrir un moment de d\u00e9tente et de l\u00e2cher-prise. <br><br>Une bulle de bien-\u00eatre hors du temps au sein de laquelle vos soucis et votre stress disparaissent.<br><br>Sur le plan physique, le massage bien-\u00eatre a aussi de nombreuses vertus. Il am\u00e8ne une grande d\u00e9tente musculaire, en particulier au niveau du dos qui est souvent l&rsquo;endroit du corps o\u00f9 les tensions s&rsquo;installent le plus fortement.<\/p><\/blockquote><\/figure>\n\n\n\n<pre class=\"wp-block-verse\"><strong>Massage corps entier<\/strong><br>       <em>Massage relaxant de l'ensemble du corps<\/em><\/pre>\n\n\n\n<ul class=\"wp-block-list\">\n<li>45 min : 45 \u20ac<\/li>\n\n\n\n<li>60 min : 60 \u20ac<\/li>\n\n\n\n<li>75 min : 75 \u20ac<\/li>\n<\/ul>\n\n\n\n<pre class=\"wp-block-verse\"><strong>Massage dos<\/strong><br>   <em>D\u00e9noue les tensions musculaires<\/em><\/pre>\n\n\n\n<ul class=\"wp-block-list\">\n<li>30 min : 30 \u20ac<\/li>\n\n\n\n<li>45 min : 45 \u20ac<\/li>\n<\/ul>\n\n\n\n<p><strong>Massage signature<\/strong><br>   <em>Le massage signature est un massage sur mesure qui s&rsquo;adapte \u00e0 vos besoins et zones cibl\u00e9es<\/em><\/p>\n\n\n\n<ul class=\"wp-block-list\">\n<li>30 min : 30 \u20ac<\/li>\n\n\n\n<li>45 min : 45 \u20ac<\/li>\n\n\n\n<li>60 min : 60 \u20ac<\/li>\n\n\n\n<li>75 min : 75 \u20ac<\/li>\n<\/ul>\n\n\n\n<p class=\"has-text-align-center\">Venez profitez d&rsquo;un moment pour vous dans mon cabinet, <br>prenez rendez-vous au <strong>06 09 85 63 13<\/strong> ou directement sur mon site internet :<\/p>\n\n\n\n<div class=\"wp-block-buttons is-content-justification-center is-layout-flex wp-container-core-buttons-is-layout-a89b3969 wp-block-buttons-is-layout-flex\">\n<div class=\"wp-block-button\"><a class=\"wp-block-button__link wp-element-button\" href=\"https:\/\/tsuki-sophrologie.fr\/index.php\/prendre-rendez-vous\/\">Prendre rendez-vous<\/a><\/div>\n<\/div>\n\n\n\n<p><\/p>\n","protected":false},"excerpt":{"rendered":"<p>Le massage bien-\u00eatre est une forme de massage non th\u00e9rapeutique dont l&rsquo;objectif est de vous offrir un moment de d\u00e9tente et de l\u00e2cher-prise. Une bulle de bien-\u00eatre hors du temps au sein de laquelle vos soucis et votre stress disparaissent. Sur le plan physique, le massage bien-\u00eatre a aussi de nombreuses vertus. Il am\u00e8ne une [&hellip;]<\/p>\n","protected":false},"author":1,"featured_media":0,"parent":0,"menu_order":0,"comment_status":"closed","ping_status":"closed","template":"","meta":{"footnotes":""},"class_list":["post-236","page","type-page","status-publish","hentry"],"_links":{"self":[{"href":"https:\/\/tsuki-sophrologie.fr\/index.php\/wp-json\/wp\/v2\/pages\/236","targetHints":{"allow":["GET"]}}],"collection":[{"href":"https:\/\/tsuki-sophrologie.fr\/index.php\/wp-json\/wp\/v2\/pages"}],"about":[{"href":"https:\/\/tsuki-sophrologie.fr\/index.php\/wp-json\/wp\/v2\/types\/page"}],"author":[{"embeddable":true,"href":"https:\/\/tsuki-sophrologie.fr\/index.php\/wp-json\/wp\/v2\/users\/1"}],"replies":[{"embeddable":true,"href":"https:\/\/tsuki-sophrologie.fr\/index.php\/wp-json\/wp\/v2\/comments?post=236"}],"version-history":[{"count":13,"href":"https:\/\/tsuki-sophrologie.fr\/index.php\/wp-json\/wp\/v2\/pages\/236\/revisions"}],"predecessor-version":[{"id":295,"href":"https:\/\/tsuki-sophrologie.fr\/index.php\/wp-json\/wp\/v2\/pages\/236\/revisions\/295"}],"wp:attachment":[{"href":"https:\/\/tsuki-sophrologie.fr\/index.php\/wp-json\/wp\/v2\/media?parent=236"}],"curies":[{"name":"wp","href":"https:\/\/api.w.org\/{rel}","templated":true}]}}