{"id":36,"date":"2024-09-18T14:05:33","date_gmt":"2024-09-18T12:05:33","guid":{"rendered":"https:\/\/tsuki-sophrologie.fr\/?page_id=36"},"modified":"2024-10-31T19:12:06","modified_gmt":"2024-10-31T18:12:06","slug":"presentation","status":"publish","type":"page","link":"https:\/\/tsuki-sophrologie.fr\/index.php\/presentation\/","title":{"rendered":"Pr\u00e9sentation"},"content":{"rendered":"\n<figure class=\"wp-block-image aligncenter size-large is-resized\"><img loading=\"lazy\" decoding=\"async\" width=\"1024\" height=\"534\" src=\"https:\/\/tsuki-sophrologie.fr\/wp-content\/uploads\/2024\/10\/banniere_presentation-1-1024x534.png\" alt=\"\" class=\"wp-image-193\" style=\"width:500px\" srcset=\"https:\/\/tsuki-sophrologie.fr\/wp-content\/uploads\/2024\/10\/banniere_presentation-1-1024x534.png 1024w, https:\/\/tsuki-sophrologie.fr\/wp-content\/uploads\/2024\/10\/banniere_presentation-1-300x157.png 300w, https:\/\/tsuki-sophrologie.fr\/wp-content\/uploads\/2024\/10\/banniere_presentation-1-768x401.png 768w, https:\/\/tsuki-sophrologie.fr\/wp-content\/uploads\/2024\/10\/banniere_presentation-1-1536x802.png 1536w, https:\/\/tsuki-sophrologie.fr\/wp-content\/uploads\/2024\/10\/banniere_presentation-1.png 1640w\" sizes=\"auto, (max-width: 1024px) 100vw, 1024px\" \/><\/figure>\n\n\n\n<p>Bonjour, je m&rsquo;appelle Margot Huron et je vous accueille dans mon cabinet de Sophrologie \u00e0 la Sauve. Parce que la vie m&rsquo;a amen\u00e9 \u00e0 revisiter mon f\u00e9minin, je souhaite aujourd&rsquo;hui accompagner les femmes dans tous leurs cycles et transitions de vie\u00a0:<\/p>\n\n\n\n<ul class=\"wp-block-list\">\n<li>la pubert\u00e9<\/li>\n\n\n\n<li>la pr\u00e9conception<\/li>\n\n\n\n<li>la grossesse<\/li>\n\n\n\n<li>le post partum<\/li>\n\n\n\n<li>la m\u00e9nopause<\/li>\n\n\n\n<li>la sexualit\u00e9<\/li>\n\n\n\n<li>l&rsquo;image de soi<\/li>\n\n\n\n<li>et tous les troubles du cycle (SPM, TDPM, Endom\u00e9triose, SOPK, cancer, &#8230;)<\/li>\n<\/ul>\n\n\n\n<blockquote class=\"wp-block-quote is-layout-flow wp-block-quote-is-layout-flow\">\n<p class=\"has-medium-font-size\">\u00a0\u00bb Votre corps \u00e9coute tout ce que dit votre esprit\u00a0\u00bb Naomi Judd<\/p>\n<\/blockquote>\n\n\n\n<p>J&rsquo;accorde un profond respect au parcours de chaque femme, j&rsquo;\u00e9coute sans jugement et invite chaque femme \u00e0 reprendre possession de son potentiel.<\/p>\n\n\n\n<p>Ma mission est de vous soutenir, vous \u00e9pauler et de vous transmettre des outils pour traverser le plus sereinement possible toutes les \u00e9tapes de votre vie de femme.<\/p>\n","protected":false},"excerpt":{"rendered":"<p>Bonjour, je m&rsquo;appelle Margot Huron et je vous accueille dans mon cabinet de Sophrologie \u00e0 la Sauve. Parce que la vie m&rsquo;a amen\u00e9 \u00e0 revisiter mon f\u00e9minin, je souhaite aujourd&rsquo;hui accompagner les femmes dans tous leurs cycles et transitions de vie\u00a0: \u00a0\u00bb Votre corps \u00e9coute tout ce que dit votre esprit\u00a0\u00bb Naomi Judd J&rsquo;accorde un [&hellip;]<\/p>\n","protected":false},"author":1,"featured_media":0,"parent":0,"menu_order":0,"comment_status":"closed","ping_status":"closed","template":"","meta":{"footnotes":""},"class_list":["post-36","page","type-page","status-publish","hentry"],"_links":{"self":[{"href":"https:\/\/tsuki-sophrologie.fr\/index.php\/wp-json\/wp\/v2\/pages\/36","targetHints":{"allow":["GET"]}}],"collection":[{"href":"https:\/\/tsuki-sophrologie.fr\/index.php\/wp-json\/wp\/v2\/pages"}],"about":[{"href":"https:\/\/tsuki-sophrologie.fr\/index.php\/wp-json\/wp\/v2\/types\/page"}],"author":[{"embeddable":true,"href":"https:\/\/tsuki-sophrologie.fr\/index.php\/wp-json\/wp\/v2\/users\/1"}],"replies":[{"embeddable":true,"href":"https:\/\/tsuki-sophrologie.fr\/index.php\/wp-json\/wp\/v2\/comments?post=36"}],"version-history":[{"count":9,"href":"https:\/\/tsuki-sophrologie.fr\/index.php\/wp-json\/wp\/v2\/pages\/36\/revisions"}],"predecessor-version":[{"id":222,"href":"https:\/\/tsuki-sophrologie.fr\/index.php\/wp-json\/wp\/v2\/pages\/36\/revisions\/222"}],"wp:attachment":[{"href":"https:\/\/tsuki-sophrologie.fr\/index.php\/wp-json\/wp\/v2\/media?parent=36"}],"curies":[{"name":"wp","href":"https:\/\/api.w.org\/{rel}","templated":true}]}}