{"id":73,"date":"2024-10-04T13:31:54","date_gmt":"2024-10-04T11:31:54","guid":{"rendered":"https:\/\/tsuki-sophrologie.fr\/?page_id=73"},"modified":"2024-10-19T01:17:54","modified_gmt":"2024-10-18T23:17:54","slug":"tsuki","status":"publish","type":"page","link":"https:\/\/tsuki-sophrologie.fr\/index.php\/tsuki\/","title":{"rendered":"Tsuki"},"content":{"rendered":"\n<figure class=\"wp-block-image aligncenter size-large is-resized\"><img loading=\"lazy\" decoding=\"async\" width=\"1024\" height=\"534\" src=\"https:\/\/tsuki-sophrologie.fr\/wp-content\/uploads\/2024\/10\/banniere_tsuki-1024x534.png\" alt=\"\" class=\"wp-image-195\" style=\"width:500px\" srcset=\"https:\/\/tsuki-sophrologie.fr\/wp-content\/uploads\/2024\/10\/banniere_tsuki-1024x534.png 1024w, https:\/\/tsuki-sophrologie.fr\/wp-content\/uploads\/2024\/10\/banniere_tsuki-300x157.png 300w, https:\/\/tsuki-sophrologie.fr\/wp-content\/uploads\/2024\/10\/banniere_tsuki-768x401.png 768w, https:\/\/tsuki-sophrologie.fr\/wp-content\/uploads\/2024\/10\/banniere_tsuki-1536x802.png 1536w, https:\/\/tsuki-sophrologie.fr\/wp-content\/uploads\/2024\/10\/banniere_tsuki.png 1640w\" sizes=\"auto, (max-width: 1024px) 100vw, 1024px\" \/><\/figure>\n\n\n\n<p>Pourquoi Tsuki ?<br><br>J&rsquo;ai choisi ce nom pour mon cabinet car je voulais quelque chose qui me ressemble. \u00c9tant une grande passionn\u00e9e de la culture japonaise dans un premier temps pour les paysages qui m&rsquo;inspirent calme et s\u00e9r\u00e9nit\u00e9 mais\u00a0aussi anim\u00e9, manga, mythologie qui m&#8217;emportent dans un tourbillon de couleurs et de r\u00eaves depuis l&rsquo;enfance. J&rsquo;ai donc choisi \u00ab\u00a0Tsuki\u00a0\u00bb car sa signification est \u00ab\u00a0Lune\u00a0\u00bb et la Lune m&rsquo;inspire douceur, lumiere et f\u00e9minit\u00e9.<br>\u00a0<br>Tsuki correspond aussi \u00e0 une p\u00e9riode en japonais. Car au Japon aussi, on s\u2019est longtemps bas\u00e9 sur les phases de la Lune pour mesurer le temps. Elle influence le ph\u00e9nom\u00e8ne des mar\u00e9es, le sommeil mais aussi le rythme des menstruations (le cycle menstruel est d&rsquo;environ 28 jours comme le cycle lunaire).Les r\u00e8gles (menstruations) peuvent se dire tsuki no mono en japonais. Litt\u00e9ralement \u201cle truc chaque mois\u201d.\u00a0<br><br>On dit aussi que la Lune est un astre \u00ab\u00a0changeant\u00a0\u00bb qui a plusieurs phases et l&rsquo;on dit d&rsquo;une personne qui a l&rsquo;humeur \u00ab\u00a0changeante\u00a0\u00bb qu&rsquo;elle\u00a0 est lunatique. On reproche souvent aux femmes d&rsquo;\u00eatre d&rsquo;humeur changeante durant leurs cycles avec notamment le si d\u00e9licat \u00a0\u00bb t&rsquo;as tes r\u00e8gles ?\u00a0\u00bb.<br><br>Voil\u00e0 pourquoi jai choisi Tsuki !<br><br><br><\/p>\n","protected":false},"excerpt":{"rendered":"<p>Pourquoi Tsuki ? J&rsquo;ai choisi ce nom pour mon cabinet car je voulais quelque chose qui me ressemble. \u00c9tant une grande passionn\u00e9e de la culture japonaise dans un premier temps pour les paysages qui m&rsquo;inspirent calme et s\u00e9r\u00e9nit\u00e9 mais\u00a0aussi anim\u00e9, manga, mythologie qui m&#8217;emportent dans un tourbillon de couleurs et de r\u00eaves depuis l&rsquo;enfance. J&rsquo;ai [&hellip;]<\/p>\n","protected":false},"author":1,"featured_media":0,"parent":0,"menu_order":0,"comment_status":"closed","ping_status":"closed","template":"","meta":{"footnotes":""},"class_list":["post-73","page","type-page","status-publish","hentry"],"_links":{"self":[{"href":"https:\/\/tsuki-sophrologie.fr\/index.php\/wp-json\/wp\/v2\/pages\/73","targetHints":{"allow":["GET"]}}],"collection":[{"href":"https:\/\/tsuki-sophrologie.fr\/index.php\/wp-json\/wp\/v2\/pages"}],"about":[{"href":"https:\/\/tsuki-sophrologie.fr\/index.php\/wp-json\/wp\/v2\/types\/page"}],"author":[{"embeddable":true,"href":"https:\/\/tsuki-sophrologie.fr\/index.php\/wp-json\/wp\/v2\/users\/1"}],"replies":[{"embeddable":true,"href":"https:\/\/tsuki-sophrologie.fr\/index.php\/wp-json\/wp\/v2\/comments?post=73"}],"version-history":[{"count":3,"href":"https:\/\/tsuki-sophrologie.fr\/index.php\/wp-json\/wp\/v2\/pages\/73\/revisions"}],"predecessor-version":[{"id":217,"href":"https:\/\/tsuki-sophrologie.fr\/index.php\/wp-json\/wp\/v2\/pages\/73\/revisions\/217"}],"wp:attachment":[{"href":"https:\/\/tsuki-sophrologie.fr\/index.php\/wp-json\/wp\/v2\/media?parent=73"}],"curies":[{"name":"wp","href":"https:\/\/api.w.org\/{rel}","templated":true}]}}