{"id":77,"date":"2024-10-03T17:48:46","date_gmt":"2024-10-03T15:48:46","guid":{"rendered":"https:\/\/tsuki-sophrologie.fr\/?page_id=77"},"modified":"2026-02-27T12:11:09","modified_gmt":"2026-02-27T11:11:09","slug":"tarifs","status":"publish","type":"page","link":"https:\/\/tsuki-sophrologie.fr\/index.php\/tarifs\/","title":{"rendered":"S\u00e9ances &#038; Tarifs"},"content":{"rendered":"\n<figure class=\"wp-block-image aligncenter size-large is-resized\"><img loading=\"lazy\" decoding=\"async\" width=\"1024\" height=\"534\" src=\"https:\/\/tsuki-sophrologie.fr\/wp-content\/uploads\/2024\/10\/banniere_tarifs-1024x534.png\" alt=\"\" class=\"wp-image-186\" style=\"width:500px\" srcset=\"https:\/\/tsuki-sophrologie.fr\/wp-content\/uploads\/2024\/10\/banniere_tarifs-1024x534.png 1024w, https:\/\/tsuki-sophrologie.fr\/wp-content\/uploads\/2024\/10\/banniere_tarifs-300x157.png 300w, https:\/\/tsuki-sophrologie.fr\/wp-content\/uploads\/2024\/10\/banniere_tarifs-768x401.png 768w, https:\/\/tsuki-sophrologie.fr\/wp-content\/uploads\/2024\/10\/banniere_tarifs-1536x802.png 1536w, https:\/\/tsuki-sophrologie.fr\/wp-content\/uploads\/2024\/10\/banniere_tarifs.png 1640w\" sizes=\"auto, (max-width: 1024px) 100vw, 1024px\" \/><\/figure>\n\n\n\n<p>Comment se passent les s\u00e9ances?<\/p>\n\n\n\n<ul class=\"wp-block-list\">\n<li>Premi\u00e8re rencontre 1h30 &#8211; <strong>50 euros adultes \/ 45 euros enfants<\/strong><\/li>\n<\/ul>\n\n\n\n<p>La premi\u00e8re rencontre sera consacr\u00e9e \u00e0 un temps d&rsquo;\u00e9change, l&rsquo;occasion d&rsquo;apprendre \u00e0 nous conna\u00eetre et d&rsquo;\u00e9tablir un lien de confiance indispensable dans votre accompagnement au mieux-\u00eatre.<\/p>\n\n\n\n<p>Ensemble, nous identifierons vos besoins pour que je puisse vous proposer un accompagnement personnalis\u00e9 en fonction de vos attentes.&nbsp;&nbsp;<\/p>\n\n\n\n<ul class=\"wp-block-list\">\n<li>S\u00e9ance de suivi 1h15 \/ 1h30&nbsp; &#8211; <strong>45 euros adultes \/ 40 euros enfants<\/strong><\/li>\n<\/ul>\n\n\n\n<p>Les autres s\u00e9ances se d\u00e9rouleront entre des temps d&rsquo;\u00e9change et la pratique de diff\u00e9rentes techniques mises \u00e0 votre disposition en fonction de vos souhaits :<\/p>\n\n\n\n<ul class=\"wp-block-list\">\n<li>Ecoute bienveillante<\/li>\n\n\n\n<li>Partage d&rsquo;informations<\/li>\n\n\n\n<li>Sophrologie<\/li>\n<\/ul>\n\n\n\n<div class=\"wp-block-group is-layout-constrained wp-block-group-is-layout-constrained\">\n<div class=\"wp-block-buttons is-content-justification-center is-layout-flex wp-container-core-buttons-is-layout-a89b3969 wp-block-buttons-is-layout-flex\">\n<div class=\"wp-block-button\"><a class=\"wp-block-button__link wp-element-button\" href=\"https:\/\/tsuki-sophrologie.fr\/index.php\/prendre-rendez-vous\/\">Prendre rendez-vous<\/a><\/div>\n<\/div>\n<\/div>\n\n\n\n<p><strong>Paiement : ch\u00e8que ou esp\u00e8ces &#8211; CB non accept\u00e9e<\/strong><\/p>\n\n\n\n<p>Pour toute question vous pouvez me joindre:<\/p>\n\n\n\n<ul class=\"wp-block-list\">\n<li>&nbsp;par t\u00e9l\u00e9phone au <strong>06 09 85 63 13<\/strong>&nbsp;<\/li>\n\n\n\n<li>&nbsp;par mail : <strong><a href=\"mailto:contact@tsuki-sophrologie.fr?subject=Demande%20de%20rendez-vous\">contact@tsuki-sophrologie.fr&nbsp;<\/a><\/strong><\/li>\n<\/ul>\n\n\n\n<p>Adresse du Cabinet : 56 rue Saint-Jean, 33670 La Sauve<\/p>\n\n\n\n<div class=\"wp-block-group is-layout-constrained wp-block-group-is-layout-constrained\">\n<iframe src=\"https:\/\/www.google.com\/maps\/embed?pb=!1m18!1m12!1m3!1d2832.521606318748!2d-0.312061923422837!3d44.77017037947671!2m3!1f0!2f0!3f0!3m2!1i1024!2i768!4f13.1!3m3!1m2!1s0xd553f4e05bfb8bb%3A0x8a6b522751429854!2s56%20Rue%20St%20Jean%2C%2033670%20La%20Sauve!5e0!3m2!1sfr!2sfr!4v1727971772143!5m2!1sfr!2sfr\" width=\"100%\" height=\"100%\" style=\"border:0;\" allowfullscreen=\"\" loading=\"lazy\" referrerpolicy=\"no-referrer-when-downgrade\"><\/iframe>\n<\/div>\n","protected":false},"excerpt":{"rendered":"<p>Comment se passent les s\u00e9ances? La premi\u00e8re rencontre sera consacr\u00e9e \u00e0 un temps d&rsquo;\u00e9change, l&rsquo;occasion d&rsquo;apprendre \u00e0 nous conna\u00eetre et d&rsquo;\u00e9tablir un lien de confiance indispensable dans votre accompagnement au mieux-\u00eatre. Ensemble, nous identifierons vos besoins pour que je puisse vous proposer un accompagnement personnalis\u00e9 en fonction de vos attentes.&nbsp;&nbsp; Les autres s\u00e9ances se d\u00e9rouleront [&hellip;]<\/p>\n","protected":false},"author":1,"featured_media":0,"parent":0,"menu_order":0,"comment_status":"closed","ping_status":"closed","template":"","meta":{"footnotes":""},"class_list":["post-77","page","type-page","status-publish","hentry"],"_links":{"self":[{"href":"https:\/\/tsuki-sophrologie.fr\/index.php\/wp-json\/wp\/v2\/pages\/77","targetHints":{"allow":["GET"]}}],"collection":[{"href":"https:\/\/tsuki-sophrologie.fr\/index.php\/wp-json\/wp\/v2\/pages"}],"about":[{"href":"https:\/\/tsuki-sophrologie.fr\/index.php\/wp-json\/wp\/v2\/types\/page"}],"author":[{"embeddable":true,"href":"https:\/\/tsuki-sophrologie.fr\/index.php\/wp-json\/wp\/v2\/users\/1"}],"replies":[{"embeddable":true,"href":"https:\/\/tsuki-sophrologie.fr\/index.php\/wp-json\/wp\/v2\/comments?post=77"}],"version-history":[{"count":16,"href":"https:\/\/tsuki-sophrologie.fr\/index.php\/wp-json\/wp\/v2\/pages\/77\/revisions"}],"predecessor-version":[{"id":299,"href":"https:\/\/tsuki-sophrologie.fr\/index.php\/wp-json\/wp\/v2\/pages\/77\/revisions\/299"}],"wp:attachment":[{"href":"https:\/\/tsuki-sophrologie.fr\/index.php\/wp-json\/wp\/v2\/media?parent=77"}],"curies":[{"name":"wp","href":"https:\/\/api.w.org\/{rel}","templated":true}]}}